{"id":7,"date":"2026-05-07T16:34:13","date_gmt":"2026-05-07T16:34:13","guid":{"rendered":"https:\/\/cardosoerabeloadvogados.com.br\/?page_id=7"},"modified":"2026-05-07T18:55:06","modified_gmt":"2026-05-07T18:55:06","slug":"inicio","status":"publish","type":"page","link":"https:\/\/cardosoerabeloadvogados.com.br\/?page_id=7","title":{"rendered":"In\u00edcio"},"content":{"rendered":"\t\t<div data-elementor-type=\"wp-page\" data-elementor-id=\"7\" class=\"elementor elementor-7\">\n\t\t\t\t<div class=\"elementor-element elementor-element-d1184a8 e-flex e-con-boxed e-con e-parent\" data-id=\"d1184a8\" data-element_type=\"container\" data-e-type=\"container\" data-settings=\"{&quot;background_background&quot;:&quot;classic&quot;}\">\n\t\t\t\t\t<div class=\"e-con-inner\">\n\t\t<div class=\"elementor-element elementor-element-9968bed e-con-full e-flex e-con e-child\" data-id=\"9968bed\" data-element_type=\"container\" data-e-type=\"container\">\n\t\t<div class=\"elementor-element elementor-element-8d4a6ad e-con-full e-flex e-con e-child\" data-id=\"8d4a6ad\" data-element_type=\"container\" data-e-type=\"container\">\n\t\t\t\t<div class=\"elementor-element elementor-element-37bf578 elementor-widget__width-initial elementor-widget elementor-widget-image\" data-id=\"37bf578\" data-element_type=\"widget\" data-e-type=\"widget\" data-widget_type=\"image.default\">\n\t\t\t\t\t\t\t\t\t\t\t\t\t\t\t<img fetchpriority=\"high\" decoding=\"async\" width=\"926\" height=\"243\" src=\"https:\/\/cardosoerabeloadvogados.com.br\/wp-content\/uploads\/2026\/05\/Group-93.png\" class=\"attachment-large size-large wp-image-18\" alt=\"\" srcset=\"https:\/\/cardosoerabeloadvogados.com.br\/wp-content\/uploads\/2026\/05\/Group-93.png 926w, https:\/\/cardosoerabeloadvogados.com.br\/wp-content\/uploads\/2026\/05\/Group-93-300x79.png 300w, https:\/\/cardosoerabeloadvogados.com.br\/wp-content\/uploads\/2026\/05\/Group-93-768x202.png 768w\" sizes=\"(max-width: 926px) 100vw, 926px\" \/>\t\t\t\t\t\t\t\t\t\t\t\t\t\t\t<\/div>\n\t\t\t\t<\/div>\n\t\t<div class=\"elementor-element elementor-element-addd023 e-con-full e-flex e-con e-child\" data-id=\"addd023\" data-element_type=\"container\" data-e-type=\"container\">\n\t\t<div class=\"elementor-element elementor-element-7e4c150 e-con-full e-flex e-con e-child\" data-id=\"7e4c150\" data-element_type=\"container\" data-e-type=\"container\">\n\t\t\t\t<div class=\"elementor-element elementor-element-b6dc0a3 elementor-widget__width-initial elementor-widget elementor-widget-heading\" data-id=\"b6dc0a3\" data-element_type=\"widget\" data-e-type=\"widget\" data-widget_type=\"heading.default\">\n\t\t\t\t\t<h2 class=\"elementor-heading-title elementor-size-default\">Direito n\u00e3o \u00e9 aquilo que algu\u00e9m tem que lhe dar.\nDireito \u00e9 somente aquilo que ningu\u00e9m pode lhe tirar.<\/h2>\t\t\t\t<\/div>\n\t\t\t\t<div class=\"elementor-element elementor-element-f76b147 elementor-widget__width-initial elementor-widget elementor-widget-heading\" data-id=\"f76b147\" data-element_type=\"widget\" data-e-type=\"widget\" data-widget_type=\"heading.default\">\n\t\t\t\t\t<h2 class=\"elementor-heading-title elementor-size-default\">Advocacia especializada para quest\u00f5es legais complexas - CARDOSO &amp; RABELO ADVOGADOS.<\/h2>\t\t\t\t<\/div>\n\t\t\t\t<\/div>\n\t\t<div class=\"elementor-element elementor-element-e94e5f5 e-con-full e-flex e-con e-child\" data-id=\"e94e5f5\" data-element_type=\"container\" data-e-type=\"container\">\n\t\t\t\t<div class=\"elementor-element elementor-element-3f91a3a elementor-align-center elementor-widget elementor-widget-button\" data-id=\"3f91a3a\" data-element_type=\"widget\" data-e-type=\"widget\" data-widget_type=\"button.default\">\n\t\t\t\t\t\t\t\t\t\t<a class=\"elementor-button elementor-button-link elementor-size-sm\" href=\"#\">\n\t\t\t\t\t\t<span class=\"elementor-button-content-wrapper\">\n\t\t\t\t\t\t<span class=\"elementor-button-icon\">\n\t\t\t\t<svg aria-hidden=\"true\" class=\"e-font-icon-svg e-fab-whatsapp\" viewBox=\"0 0 448 512\" xmlns=\"http:\/\/www.w3.org\/2000\/svg\"><path d=\"M380.9 97.1C339 55.1 283.2 32 223.9 32c-122.4 0-222 99.6-222 222 0 39.1 10.2 77.3 29.6 111L0 480l117.7-30.9c32.4 17.7 68.9 27 106.1 27h.1c122.3 0 224.1-99.6 224.1-222 0-59.3-25.2-115-67.1-157zm-157 341.6c-33.2 0-65.7-8.9-94-25.7l-6.7-4-69.8 18.3L72 359.2l-4.4-7c-18.5-29.4-28.2-63.3-28.2-98.2 0-101.7 82.8-184.5 184.6-184.5 49.3 0 95.6 19.2 130.4 54.1 34.8 34.9 56.2 81.2 56.1 130.5 0 101.8-84.9 184.6-186.6 184.6zm101.2-138.2c-5.5-2.8-32.8-16.2-37.9-18-5.1-1.9-8.8-2.8-12.5 2.8-3.7 5.6-14.3 18-17.6 21.8-3.2 3.7-6.5 4.2-12 1.4-32.6-16.3-54-29.1-75.5-66-5.7-9.8 5.7-9.1 16.3-30.3 1.8-3.7.9-6.9-.5-9.7-1.4-2.8-12.5-30.1-17.1-41.2-4.5-10.8-9.1-9.3-12.5-9.5-3.2-.2-6.9-.2-10.6-.2-3.7 0-9.7 1.4-14.8 6.9-5.1 5.6-19.4 19-19.4 46.3 0 27.3 19.9 53.7 22.6 57.4 2.8 3.7 39.1 59.7 94.8 83.8 35.2 15.2 49 16.5 66.6 13.9 10.7-1.6 32.8-13.4 37.4-26.4 4.6-13 4.6-24.1 3.2-26.4-1.3-2.5-5-3.9-10.5-6.6z\"><\/path><\/svg>\t\t\t<\/span>\n\t\t\t\t\t\t\t\t\t<span class=\"elementor-button-text\">(11) 3868-3132<\/span>\n\t\t\t\t\t<\/span>\n\t\t\t\t\t<\/a>\n\t\t\t\t\t\t\t\t<\/div>\n\t\t\t\t<\/div>\n\t\t\t\t<\/div>\n\t\t\t\t<\/div>\n\t\t\t\t\t<\/div>\n\t\t\t\t<\/div>\n\t\t<div class=\"elementor-element elementor-element-6a40e8c e-flex e-con-boxed e-con e-parent\" data-id=\"6a40e8c\" data-element_type=\"container\" data-e-type=\"container\" data-settings=\"{&quot;background_background&quot;:&quot;classic&quot;}\">\n\t\t\t\t\t<div class=\"e-con-inner\">\n\t\t<div class=\"elementor-element elementor-element-7752408 e-con-full e-flex e-con e-child\" data-id=\"7752408\" data-element_type=\"container\" data-e-type=\"container\">\n\t\t<div class=\"elementor-element elementor-element-0b21add e-con-full e-flex e-con e-child\" data-id=\"0b21add\" data-element_type=\"container\" data-e-type=\"container\">\n\t\t\t\t<div class=\"elementor-element elementor-element-f01b917 elementor-widget elementor-widget-image\" data-id=\"f01b917\" data-element_type=\"widget\" data-e-type=\"widget\" data-widget_type=\"image.default\">\n\t\t\t\t\t\t\t\t\t\t\t\t\t\t\t<img decoding=\"async\" width=\"480\" height=\"922\" src=\"https:\/\/cardosoerabeloadvogados.com.br\/wp-content\/uploads\/2026\/05\/Group-96.png\" class=\"attachment-large size-large wp-image-41\" alt=\"\" srcset=\"https:\/\/cardosoerabeloadvogados.com.br\/wp-content\/uploads\/2026\/05\/Group-96.png 480w, https:\/\/cardosoerabeloadvogados.com.br\/wp-content\/uploads\/2026\/05\/Group-96-156x300.png 156w\" sizes=\"(max-width: 480px) 100vw, 480px\" \/>\t\t\t\t\t\t\t\t\t\t\t\t\t\t\t<\/div>\n\t\t\t\t<\/div>\n\t\t<div class=\"elementor-element elementor-element-1107c1c e-con-full e-flex e-con e-child\" data-id=\"1107c1c\" data-element_type=\"container\" data-e-type=\"container\">\n\t\t<div class=\"elementor-element elementor-element-a3fafac e-con-full e-flex e-con e-child\" data-id=\"a3fafac\" data-element_type=\"container\" data-e-type=\"container\">\n\t\t\t\t<div class=\"elementor-element elementor-element-5911e78 elementor-widget elementor-widget-heading\" data-id=\"5911e78\" data-element_type=\"widget\" data-e-type=\"widget\" data-widget_type=\"heading.default\">\n\t\t\t\t\t<h2 class=\"elementor-heading-title elementor-size-default\">Sobre o Escrit\u00f3rio<\/h2>\t\t\t\t<\/div>\n\t\t\t\t<\/div>\n\t\t<div class=\"elementor-element elementor-element-9f02628 e-con-full e-flex e-con e-child\" data-id=\"9f02628\" data-element_type=\"container\" data-e-type=\"container\">\n\t\t\t\t<div class=\"elementor-element elementor-element-d51095a elementor-widget elementor-widget-heading\" data-id=\"d51095a\" data-element_type=\"widget\" data-e-type=\"widget\" data-widget_type=\"heading.default\">\n\t\t\t\t\t<h2 class=\"elementor-heading-title elementor-size-default\">O Escrit\u00f3rio, Cardoso &amp; Rabelo Advogados, foi criado em 1996, dando sequ\u00eancia a trabalhos realizados pelo fundador Dr. Elias Cardoso, com uma equipe de 4 (quatro) advogados, e traz aos seus clientes um atendimento diferenciado e com muita qualidade profissional \n<br><br>\nA excel\u00eancia nos trabalhos jur\u00eddicos que desenvolve garante \u00e0 banca uma s\u00f3lida reputa\u00e7\u00e3o e uma carteira de clientes bastante diversificada. Em se tratando de um escrit\u00f3rio de advocacia com uma vis\u00e3o moderna a Cardoso &amp; Rabelo Advogados valoriza as rela\u00e7\u00f5es individuais com cada um de seus clientes. \n<br><br>\nOs servi\u00e7os jur\u00eddicos s\u00e3o de alta qualidade, visando sempre o melhor para seus clientes.<\/h2>\t\t\t\t<\/div>\n\t\t\t\t<\/div>\n\t\t<div class=\"elementor-element elementor-element-57b515c e-con-full e-flex e-con e-child\" data-id=\"57b515c\" data-element_type=\"container\" data-e-type=\"container\">\n\t\t\t\t<div class=\"elementor-element elementor-element-7706820 elementor-align-center elementor-widget__width-initial elementor-icon-list--layout-traditional elementor-list-item-link-full_width elementor-widget elementor-widget-icon-list\" data-id=\"7706820\" data-element_type=\"widget\" data-e-type=\"widget\" data-widget_type=\"icon-list.default\">\n\t\t\t\t\t\t\t<ul class=\"elementor-icon-list-items\">\n\t\t\t\t\t\t\t<li class=\"elementor-icon-list-item\">\n\t\t\t\t\t\t\t\t\t\t\t<span class=\"elementor-icon-list-icon\">\n\t\t\t\t\t\t\t<svg aria-hidden=\"true\" class=\"e-font-icon-svg e-fab-whatsapp\" viewBox=\"0 0 448 512\" xmlns=\"http:\/\/www.w3.org\/2000\/svg\"><path d=\"M380.9 97.1C339 55.1 283.2 32 223.9 32c-122.4 0-222 99.6-222 222 0 39.1 10.2 77.3 29.6 111L0 480l117.7-30.9c32.4 17.7 68.9 27 106.1 27h.1c122.3 0 224.1-99.6 224.1-222 0-59.3-25.2-115-67.1-157zm-157 341.6c-33.2 0-65.7-8.9-94-25.7l-6.7-4-69.8 18.3L72 359.2l-4.4-7c-18.5-29.4-28.2-63.3-28.2-98.2 0-101.7 82.8-184.5 184.6-184.5 49.3 0 95.6 19.2 130.4 54.1 34.8 34.9 56.2 81.2 56.1 130.5 0 101.8-84.9 184.6-186.6 184.6zm101.2-138.2c-5.5-2.8-32.8-16.2-37.9-18-5.1-1.9-8.8-2.8-12.5 2.8-3.7 5.6-14.3 18-17.6 21.8-3.2 3.7-6.5 4.2-12 1.4-32.6-16.3-54-29.1-75.5-66-5.7-9.8 5.7-9.1 16.3-30.3 1.8-3.7.9-6.9-.5-9.7-1.4-2.8-12.5-30.1-17.1-41.2-4.5-10.8-9.1-9.3-12.5-9.5-3.2-.2-6.9-.2-10.6-.2-3.7 0-9.7 1.4-14.8 6.9-5.1 5.6-19.4 19-19.4 46.3 0 27.3 19.9 53.7 22.6 57.4 2.8 3.7 39.1 59.7 94.8 83.8 35.2 15.2 49 16.5 66.6 13.9 10.7-1.6 32.8-13.4 37.4-26.4 4.6-13 4.6-24.1 3.2-26.4-1.3-2.5-5-3.9-10.5-6.6z\"><\/path><\/svg>\t\t\t\t\t\t<\/span>\n\t\t\t\t\t\t\t\t\t\t<span class=\"elementor-icon-list-text\"><b>Atendimento via WhatsApp<\/b><br>Fale agora com um advogado<\/span>\n\t\t\t\t\t\t\t\t\t<\/li>\n\t\t\t\t\t\t<\/ul>\n\t\t\t\t\t\t<\/div>\n\t\t\t\t<\/div>\n\t\t\t\t<\/div>\n\t\t\t\t<\/div>\n\t\t\t\t\t<\/div>\n\t\t\t\t<\/div>\n\t\t\t\t<\/div>\n\t\t","protected":false},"excerpt":{"rendered":"<p>Direito n\u00e3o \u00e9 aquilo que algu\u00e9m tem que lhe dar. Direito \u00e9 somente aquilo que ningu\u00e9m pode lhe tirar. Advocacia especializada para quest\u00f5es legais complexas &#8211; CARDOSO &amp; RABELO ADVOGADOS. (11) 3868-3132 Sobre o Escrit\u00f3rio O Escrit\u00f3rio, Cardoso &amp; Rabelo Advogados, foi criado em 1996, dando sequ\u00eancia a trabalhos realizados pelo fundador Dr. Elias Cardoso, [&hellip;]<\/p>\n","protected":false},"author":1,"featured_media":0,"parent":0,"menu_order":0,"comment_status":"closed","ping_status":"closed","template":"elementor_canvas","meta":{"footnotes":""},"class_list":["post-7","page","type-page","status-publish","hentry"],"yoast_head":"<!-- This site is optimized with the Yoast SEO plugin v27.5 - https:\/\/yoast.com\/product\/yoast-seo-wordpress\/ -->\n<title>In\u00edcio - Cardoso &amp; Rabelo | Advogados<\/title>\n<meta name=\"robots\" content=\"index, follow, max-snippet:-1, max-image-preview:large, max-video-preview:-1\" \/>\n<link rel=\"canonical\" href=\"https:\/\/cardosoerabeloadvogados.com.br\/?page_id=7\" \/>\n<meta property=\"og:locale\" content=\"en_US\" \/>\n<meta property=\"og:type\" content=\"article\" \/>\n<meta property=\"og:title\" content=\"In\u00edcio - Cardoso &amp; Rabelo | Advogados\" \/>\n<meta property=\"og:description\" content=\"Direito n\u00e3o \u00e9 aquilo que algu\u00e9m tem que lhe dar. Direito \u00e9 somente aquilo que ningu\u00e9m pode lhe tirar. Advocacia especializada para quest\u00f5es legais complexas &#8211; CARDOSO &amp; RABELO ADVOGADOS. (11) 3868-3132 Sobre o Escrit\u00f3rio O Escrit\u00f3rio, Cardoso &amp; Rabelo Advogados, foi criado em 1996, dando sequ\u00eancia a trabalhos realizados pelo fundador Dr. Elias Cardoso, [&hellip;]\" \/>\n<meta property=\"og:url\" content=\"https:\/\/cardosoerabeloadvogados.com.br\/?page_id=7\" \/>\n<meta property=\"og:site_name\" content=\"Cardoso &amp; Rabelo | Advogados\" \/>\n<meta property=\"article:modified_time\" content=\"2026-05-07T18:55:06+00:00\" \/>\n<meta property=\"og:image\" content=\"https:\/\/cardosoerabeloadvogados.com.br\/wp-content\/uploads\/2026\/05\/Group-93.png\" \/>\n\t<meta property=\"og:image:width\" content=\"926\" \/>\n\t<meta property=\"og:image:height\" content=\"243\" \/>\n\t<meta property=\"og:image:type\" content=\"image\/png\" \/>\n<meta name=\"twitter:card\" content=\"summary_large_image\" \/>\n<meta name=\"twitter:label1\" content=\"Est. reading time\" \/>\n\t<meta name=\"twitter:data1\" content=\"1 minute\" \/>\n<script type=\"application\/ld+json\" class=\"yoast-schema-graph\">{\"@context\":\"https:\\\/\\\/schema.org\",\"@graph\":[{\"@type\":\"WebPage\",\"@id\":\"https:\\\/\\\/cardosoerabeloadvogados.com.br\\\/?page_id=7\",\"url\":\"https:\\\/\\\/cardosoerabeloadvogados.com.br\\\/?page_id=7\",\"name\":\"In\u00edcio - Cardoso &amp; Rabelo | Advogados\",\"isPartOf\":{\"@id\":\"https:\\\/\\\/cardosoerabeloadvogados.com.br\\\/#website\"},\"primaryImageOfPage\":{\"@id\":\"https:\\\/\\\/cardosoerabeloadvogados.com.br\\\/?page_id=7#primaryimage\"},\"image\":{\"@id\":\"https:\\\/\\\/cardosoerabeloadvogados.com.br\\\/?page_id=7#primaryimage\"},\"thumbnailUrl\":\"https:\\\/\\\/cardosoerabeloadvogados.com.br\\\/wp-content\\\/uploads\\\/2026\\\/05\\\/Group-93.png\",\"datePublished\":\"2026-05-07T16:34:13+00:00\",\"dateModified\":\"2026-05-07T18:55:06+00:00\",\"breadcrumb\":{\"@id\":\"https:\\\/\\\/cardosoerabeloadvogados.com.br\\\/?page_id=7#breadcrumb\"},\"inLanguage\":\"en-US\",\"potentialAction\":[{\"@type\":\"ReadAction\",\"target\":[\"https:\\\/\\\/cardosoerabeloadvogados.com.br\\\/?page_id=7\"]}]},{\"@type\":\"ImageObject\",\"inLanguage\":\"en-US\",\"@id\":\"https:\\\/\\\/cardosoerabeloadvogados.com.br\\\/?page_id=7#primaryimage\",\"url\":\"https:\\\/\\\/cardosoerabeloadvogados.com.br\\\/wp-content\\\/uploads\\\/2026\\\/05\\\/Group-93.png\",\"contentUrl\":\"https:\\\/\\\/cardosoerabeloadvogados.com.br\\\/wp-content\\\/uploads\\\/2026\\\/05\\\/Group-93.png\",\"width\":926,\"height\":243},{\"@type\":\"BreadcrumbList\",\"@id\":\"https:\\\/\\\/cardosoerabeloadvogados.com.br\\\/?page_id=7#breadcrumb\",\"itemListElement\":[{\"@type\":\"ListItem\",\"position\":1,\"name\":\"Home\",\"item\":\"https:\\\/\\\/cardosoerabeloadvogados.com.br\\\/\"},{\"@type\":\"ListItem\",\"position\":2,\"name\":\"In\u00edcio\"}]},{\"@type\":\"WebSite\",\"@id\":\"https:\\\/\\\/cardosoerabeloadvogados.com.br\\\/#website\",\"url\":\"https:\\\/\\\/cardosoerabeloadvogados.com.br\\\/\",\"name\":\"Cardoso &amp; Rabelo | Advogados\",\"description\":\"\",\"potentialAction\":[{\"@type\":\"SearchAction\",\"target\":{\"@type\":\"EntryPoint\",\"urlTemplate\":\"https:\\\/\\\/cardosoerabeloadvogados.com.br\\\/?s={search_term_string}\"},\"query-input\":{\"@type\":\"PropertyValueSpecification\",\"valueRequired\":true,\"valueName\":\"search_term_string\"}}],\"inLanguage\":\"en-US\"}]}<\/script>\n<!-- \/ Yoast SEO plugin. -->","yoast_head_json":{"title":"In\u00edcio - Cardoso &amp; Rabelo | Advogados","robots":{"index":"index","follow":"follow","max-snippet":"max-snippet:-1","max-image-preview":"max-image-preview:large","max-video-preview":"max-video-preview:-1"},"canonical":"https:\/\/cardosoerabeloadvogados.com.br\/?page_id=7","og_locale":"en_US","og_type":"article","og_title":"In\u00edcio - Cardoso &amp; Rabelo | Advogados","og_description":"Direito n\u00e3o \u00e9 aquilo que algu\u00e9m tem que lhe dar. Direito \u00e9 somente aquilo que ningu\u00e9m pode lhe tirar. Advocacia especializada para quest\u00f5es legais complexas &#8211; CARDOSO &amp; RABELO ADVOGADOS. (11) 3868-3132 Sobre o Escrit\u00f3rio O Escrit\u00f3rio, Cardoso &amp; Rabelo Advogados, foi criado em 1996, dando sequ\u00eancia a trabalhos realizados pelo fundador Dr. Elias Cardoso, [&hellip;]","og_url":"https:\/\/cardosoerabeloadvogados.com.br\/?page_id=7","og_site_name":"Cardoso &amp; Rabelo | Advogados","article_modified_time":"2026-05-07T18:55:06+00:00","og_image":[{"width":926,"height":243,"url":"https:\/\/cardosoerabeloadvogados.com.br\/wp-content\/uploads\/2026\/05\/Group-93.png","type":"image\/png"}],"twitter_card":"summary_large_image","twitter_misc":{"Est. reading time":"1 minute"},"schema":{"@context":"https:\/\/schema.org","@graph":[{"@type":"WebPage","@id":"https:\/\/cardosoerabeloadvogados.com.br\/?page_id=7","url":"https:\/\/cardosoerabeloadvogados.com.br\/?page_id=7","name":"In\u00edcio - Cardoso &amp; Rabelo | Advogados","isPartOf":{"@id":"https:\/\/cardosoerabeloadvogados.com.br\/#website"},"primaryImageOfPage":{"@id":"https:\/\/cardosoerabeloadvogados.com.br\/?page_id=7#primaryimage"},"image":{"@id":"https:\/\/cardosoerabeloadvogados.com.br\/?page_id=7#primaryimage"},"thumbnailUrl":"https:\/\/cardosoerabeloadvogados.com.br\/wp-content\/uploads\/2026\/05\/Group-93.png","datePublished":"2026-05-07T16:34:13+00:00","dateModified":"2026-05-07T18:55:06+00:00","breadcrumb":{"@id":"https:\/\/cardosoerabeloadvogados.com.br\/?page_id=7#breadcrumb"},"inLanguage":"en-US","potentialAction":[{"@type":"ReadAction","target":["https:\/\/cardosoerabeloadvogados.com.br\/?page_id=7"]}]},{"@type":"ImageObject","inLanguage":"en-US","@id":"https:\/\/cardosoerabeloadvogados.com.br\/?page_id=7#primaryimage","url":"https:\/\/cardosoerabeloadvogados.com.br\/wp-content\/uploads\/2026\/05\/Group-93.png","contentUrl":"https:\/\/cardosoerabeloadvogados.com.br\/wp-content\/uploads\/2026\/05\/Group-93.png","width":926,"height":243},{"@type":"BreadcrumbList","@id":"https:\/\/cardosoerabeloadvogados.com.br\/?page_id=7#breadcrumb","itemListElement":[{"@type":"ListItem","position":1,"name":"Home","item":"https:\/\/cardosoerabeloadvogados.com.br\/"},{"@type":"ListItem","position":2,"name":"In\u00edcio"}]},{"@type":"WebSite","@id":"https:\/\/cardosoerabeloadvogados.com.br\/#website","url":"https:\/\/cardosoerabeloadvogados.com.br\/","name":"Cardoso &amp; Rabelo | Advogados","description":"","potentialAction":[{"@type":"SearchAction","target":{"@type":"EntryPoint","urlTemplate":"https:\/\/cardosoerabeloadvogados.com.br\/?s={search_term_string}"},"query-input":{"@type":"PropertyValueSpecification","valueRequired":true,"valueName":"search_term_string"}}],"inLanguage":"en-US"}]}},"_links":{"self":[{"href":"https:\/\/cardosoerabeloadvogados.com.br\/index.php?rest_route=\/wp\/v2\/pages\/7","targetHints":{"allow":["GET"]}}],"collection":[{"href":"https:\/\/cardosoerabeloadvogados.com.br\/index.php?rest_route=\/wp\/v2\/pages"}],"about":[{"href":"https:\/\/cardosoerabeloadvogados.com.br\/index.php?rest_route=\/wp\/v2\/types\/page"}],"author":[{"embeddable":true,"href":"https:\/\/cardosoerabeloadvogados.com.br\/index.php?rest_route=\/wp\/v2\/users\/1"}],"replies":[{"embeddable":true,"href":"https:\/\/cardosoerabeloadvogados.com.br\/index.php?rest_route=%2Fwp%2Fv2%2Fcomments&post=7"}],"version-history":[{"count":5,"href":"https:\/\/cardosoerabeloadvogados.com.br\/index.php?rest_route=\/wp\/v2\/pages\/7\/revisions"}],"predecessor-version":[{"id":54,"href":"https:\/\/cardosoerabeloadvogados.com.br\/index.php?rest_route=\/wp\/v2\/pages\/7\/revisions\/54"}],"wp:attachment":[{"href":"https:\/\/cardosoerabeloadvogados.com.br\/index.php?rest_route=%2Fwp%2Fv2%2Fmedia&parent=7"}],"curies":[{"name":"wp","href":"https:\/\/api.w.org\/{rel}","templated":true}]}}